{"id":2,"date":"2008-05-16T04:59:27","date_gmt":"2008-05-16T08:59:27","guid":{"rendered":"http:\/\/privacy.cyber-rights.org.tr\/?page_id=2"},"modified":"2016-05-11T00:59:58","modified_gmt":"2016-05-10T21:59:58","slug":"about","status":"publish","type":"page","link":"https:\/\/privacy.cyber-rights.org.tr\/?page_id=2","title":{"rendered":"Hakk\u0131nda"},"content":{"rendered":"<p>Cyber-Rights.Org.TR sitesi Do\u00e7. Dr. Yaman Akdeniz taraf\u0131ndan haz\u0131rlanm\u0131\u015ft\u0131r.<\/p>\n<p>Yaman Akdeniz Bilgi \u00dcniversitesi Hukuk Fak\u00fcltesi \u00f6\u011fretim \u00fcyesidir.<\/p>\n<p>2009 y\u0131l\u0131nda Bilgi \u00dcniversitesi Hukuk Fak\u00fcltesi \u00a0ve \u0130nsan Haklar\u0131 Hukuku Uygulama ve Ara\u015ft\u0131rma Merkezine kat\u0131lana kadar uzun bir s\u00fcre (2001-2009) Leeds \u00dcniversitesi Hukuk Fak\u00fcltesi\u2019nde Siber Hukuk Ara\u015ft\u0131rma \u00dcnitesi\u2019nin koordinat\u00f6rl\u00fc\u011f\u00fcn\u00fc yapm\u0131\u015f ve Siber Hukuk Y\u00fcksek Lisans program\u0131n\u0131 y\u00fcr\u00fctm\u00fc\u015ft\u00fcr.<\/p>\n<p>Ayn\u0131 zamanda Cyber-Rights.Org adl\u0131 kar amac\u0131 g\u00fctmeyen sivil toplum \u00f6rg\u00fct\u00fcn\u00fcn kurucusu ve 1997\u2019den beri ba\u015fkan\u0131d\u0131r. 2003 y\u0131l\u0131ndan beri de bilgi edinme hakk\u0131 konusunda \u00e7al\u0131\u015fmalar yapan BilgiEdinmeHakki.Org\u2019un ortak kurucu ba\u015fkan\u0131d\u0131r.<\/p>\n<p>\u00c7ok say\u0131da uluslararas\u0131 makalenin yan\u0131nda Akdeniz\u2019in \u201c\u0130nternette \u00c7ocuk Pornografisi ve Hukuk; Ulusal ve Uluslararas\u0131 Etkiler\u201d (<em>Internet Child Pornography and the Law: National and International Responses<\/em>) adl\u0131 kitab\u0131 Haziran 2008\u2019de Ashgate taraf\u0131ndan yay\u0131mlanm\u0131\u015ft\u0131r.<\/p>\n<p>Ayr\u0131ca Kerem Alt\u0131parmak ile birlikte T\u00fcrk\u00e7e-\u0130ngilizce haz\u0131rlad\u0131\u011f\u0131 \u201c\u0130nternete Girilmesi Yasakt\u0131r-T\u00fcrkiye\u2019de \u0130nternet \u0130\u00e7erik D\u00fczenlemesi ve Sans\u00fcre \u0130li\u015fkin Ele\u015ftirel Bir De\u011ferlendirme\u201d isimli kitab\u0131 \u0130maj Yay\u0131nevi taraf\u0131ndan Kas\u0131m 2008\u2019de yay\u0131mlanm\u0131\u015ft\u0131r. En son <em>Racism on the Internet<\/em> adl\u0131 kitab\u0131 2010 y\u0131l\u0131 i\u00e7inde Avrupa Konseyi taraf\u0131ndan yay\u0131mlanm\u0131\u015ft\u0131r.<\/p>\n<p>Akdeniz hakk\u0131nda daha fazla bilgiye <a href=\"http:\/\/cyberlaw.org.uk\">http:\/\/cyberlaw.org.uk<\/a> adresinden ula\u015fabilirsiniz. \u0130leti\u015fim i\u00e7in lawya@cyber-rights.org adresini kullanabilirsiniz.<\/p>\n","protected":false},"excerpt":{"rendered":"<p>Cyber-Rights.Org.TR sitesi Do\u00e7. Dr. Yaman Akdeniz taraf\u0131ndan haz\u0131rlanm\u0131\u015ft\u0131r. Yaman Akdeniz Bilgi \u00dcniversitesi Hukuk Fak\u00fcltesi \u00f6\u011fretim \u00fcyesidir. 2009 y\u0131l\u0131nda Bilgi \u00dcniversitesi Hukuk Fak\u00fcltesi \u00a0ve \u0130nsan Haklar\u0131 Hukuku Uygulama ve Ara\u015ft\u0131rma Merkezine kat\u0131lana kadar uzun bir s\u00fcre (2001-2009) Leeds \u00dcniversitesi Hukuk Fak\u00fcltesi\u2019nde Siber Hukuk Ara\u015ft\u0131rma \u00dcnitesi\u2019nin koordinat\u00f6rl\u00fc\u011f\u00fcn\u00fc yapm\u0131\u015f ve Siber Hukuk Y\u00fcksek Lisans program\u0131n\u0131 y\u00fcr\u00fctm\u00fc\u015ft\u00fcr. Ayn\u0131 zamanda Cyber-Rights.Org adl\u0131 kar amac\u0131 g\u00fctmeyen&#8230;<\/p>\n","protected":false},"author":1,"featured_media":0,"parent":0,"menu_order":0,"comment_status":"open","ping_status":"open","template":"","meta":{"jetpack_post_was_ever_published":false,"footnotes":""},"class_list":["post-2","page","type-page","status-publish","hentry"],"jetpack_sharing_enabled":true,"jetpack_shortlink":"https:\/\/wp.me\/P7wjA8-2","jetpack-related-posts":[],"_links":{"self":[{"href":"https:\/\/privacy.cyber-rights.org.tr\/index.php?rest_route=\/wp\/v2\/pages\/2","targetHints":{"allow":["GET"]}}],"collection":[{"href":"https:\/\/privacy.cyber-rights.org.tr\/index.php?rest_route=\/wp\/v2\/pages"}],"about":[{"href":"https:\/\/privacy.cyber-rights.org.tr\/index.php?rest_route=\/wp\/v2\/types\/page"}],"author":[{"embeddable":true,"href":"https:\/\/privacy.cyber-rights.org.tr\/index.php?rest_route=\/wp\/v2\/users\/1"}],"replies":[{"embeddable":true,"href":"https:\/\/privacy.cyber-rights.org.tr\/index.php?rest_route=%2Fwp%2Fv2%2Fcomments&post=2"}],"version-history":[{"count":5,"href":"https:\/\/privacy.cyber-rights.org.tr\/index.php?rest_route=\/wp\/v2\/pages\/2\/revisions"}],"predecessor-version":[{"id":1583,"href":"https:\/\/privacy.cyber-rights.org.tr\/index.php?rest_route=\/wp\/v2\/pages\/2\/revisions\/1583"}],"wp:attachment":[{"href":"https:\/\/privacy.cyber-rights.org.tr\/index.php?rest_route=%2Fwp%2Fv2%2Fmedia&parent=2"}],"curies":[{"name":"wp","href":"https:\/\/api.w.org\/{rel}","templated":true}]}}